{"id":342,"date":"2025-10-06T17:27:49","date_gmt":"2025-10-06T14:27:49","guid":{"rendered":"https:\/\/dilekgumus.com\/?page_id=342"},"modified":"2025-10-06T17:35:38","modified_gmt":"2025-10-06T14:35:38","slug":"hizmetlerimiz","status":"publish","type":"page","link":"https:\/\/dilekgumus.com\/en\/hizmetlerimiz\/","title":{"rendered":"Services"},"content":{"rendered":"<p>Her i\u015fletmenin yolculu\u011fu benzersizdir. Ancak t\u00fcm i\u015fletmelerin ortak noktas\u0131; farkl\u0131 alanlarda g\u00fcvenilir, entegre ve s\u00fcrd\u00fcr\u00fclebilir \u00e7\u00f6z\u00fcmlere duyduklar\u0131 ihtiya\u00e7t\u0131r. \u0130\u015fte bu noktada <strong>Econova Sustainable Solutions<\/strong> olarak, dan\u0131\u015fmanl\u0131k hizmetlerini tek \u00e7at\u0131 alt\u0131nda toplayarak firman\u0131z\u0131n s\u00fcre\u00e7lerini yal\u0131nla\u015ft\u0131rmay\u0131, tedarik zincirinizi optimize etmeyi ve daha ekonomik \u00e7\u00f6z\u00fcmler sunarak firman\u0131za uzun soluklu, g\u00fcvene ve samimiyete dayal\u0131 rehberlik yapmay\u0131 ama\u00e7l\u0131yoruz.<\/p>\n<p>Sundu\u011fumuz Hizmet Kapsam\u0131 A\u015fa\u011f\u0131daki Gibidir:<\/p>\n<h3>\ud83c\udf3f S\u00fcrd\u00fcr\u00fclebilirlik Dan\u0131\u015fmanl\u0131\u011f\u0131<\/h3>\n<ul>\n<li>Kurumsal ve \u00dcr\u00fcn Karbon Ayak \u0130zi, Su Ayak \u0130zi hesaplama ve raporlama<\/li>\n<li>GRI, TSRS veya ESRS uyumlu S\u00fcrd\u00fcr\u00fclebilirlik Raporu haz\u0131rlama<\/li>\n<li>BSCI, SEDEX denetimlerine haz\u0131rl\u0131k deste\u011fi<\/li>\n<li>SLCP, Higg Index platformlar\u0131nda \u00f6z de\u011ferlendirme ve dok\u00fcmantasyon haz\u0131rl\u0131\u011f\u0131<\/li>\n<li>\u00c7evre Dan\u0131\u015fmanl\u0131k Hizmetleri (\u00c7ED, \u00c7evre \u0130zni, at\u0131ksu g\u00f6r\u00fc\u015f\u00fc vb. yasal mevzuata uyum de\u011ferlendirmesi ve ba\u015fvurular, s\u0131f\u0131r at\u0131k dan\u0131\u015fmanl\u0131\u011f\u0131)<\/li>\n<\/ul>\n<h3>\ud83d\udd0d Y\u00f6netim Sistemleri Dan\u0131\u015fmanl\u0131\u011f\u0131<\/h3>\n<ul>\n<li>ISO 9001, ISO 14001, ISO 22000ISO 27001, ISO 10002, ISO 50001, ISO 45001, ISO 46001 vb. y\u00f6netim sistemleri dan\u0131\u015fmanl\u0131\u011f\u0131<\/li>\n<\/ul>\n<h3>\u26d1\ufe0f \u0130\u015f Sa\u011fl\u0131\u011f\u0131 ve G\u00fcvenli\u011fi Dan\u0131\u015fmanl\u0131\u011f\u0131<\/h3>\n<ul>\n<li>\u0130SG Uzman\u0131 ve \u0130\u015f Yeri Hekimi deste\u011fi<\/li>\n<li>Firma \u0130SG Check-up Raporu<\/li>\n<li>A s\u0131n\u0131f\u0131 \u0130SG Uzman\u0131 e\u015fli\u011finde \u0130SG dok\u00fcmantasyon ve yasal zorunluluk kontrol\u00fc eksiklerin tespiti, aksiyon plan\u0131 ve raporlama<\/li>\n<\/ul>\n<ul>\n<li>Mobil Sa\u011fl\u0131k Tarama Hizmeti<\/li>\n<\/ul>\n<h3>\ud83d\udee0\ufe0f Periyodik Fenni Muayene Hizmeti<\/h3>\n<p>\u0130\u015fletmenizde kullan\u0131lan t\u00fcm ekipman ve tesisat\u0131n <strong>sa\u011fl\u0131k, g\u00fcvenlik ve yasal uygunluk a\u00e7\u0131s\u0131ndan <\/strong>\u00a0<strong>\u201c\u0130\u015f Ekipmanlar\u0131n\u0131n Kullan\u0131m\u0131nda Sa\u011fl\u0131k ve G\u00fcvenlik \u015eartlar\u0131 Y\u00f6netmeli\u011fi\u201d<\/strong> kapsam\u0131nda periyodik muayenesini yapmaktay\u0131z. Bunlar:<\/p>\n<ul>\n<li>Elektrik tesisat\u0131, topraklama muayeneleri<\/li>\n<li>Buhar kazan\u0131, s\u0131cak su kazan\u0131, kompres\u00f6r, yang\u0131n s\u00f6nd\u00fcrme, alg\u0131lama ve havaland\u0131rma sistemleri muayenesi<\/li>\n<li>Vin\u00e7, forklift, transpalet vb. i\u015f ekipmanlar\u0131n\u0131n akredite muayeneleri<\/li>\n<\/ul>\n<h3>\ud83d\udd0b Enerji Y\u00f6netimi ve Dan\u0131\u015fmanl\u0131\u011f\u0131<\/h3>\n<ul>\n<li><strong>Enerji Et\u00fcd\u00fc ve Verimlilik Projeleri ile<\/strong> \u0130\u015fletmenizin enerji t\u00fcketimini analiz ederek tasarruf f\u0131rsatlar\u0131n\u0131n belirlenmesini sa\u011fl\u0131yoruz.<\/li>\n<li>Otomatik \u00f6l\u00e7\u00fcm ve yaz\u0131l\u0131m destekli enerji izleme sitemleri kuruyoruz.<\/li>\n<li><strong>Verimlilik Art\u0131r\u0131c\u0131 Proje (VAP) <\/strong>s\u00fcrecinde projeler geli\u015ftirerek ya da mevcut projelerinizi g\u00f6zden ge\u00e7irerek ba\u015fvurular\u0131n\u0131z\u0131 yap\u0131yor, VAP deste\u011finden yararlanman\u0131z\u0131 sa\u011fl\u0131yoruz.<\/li>\n<\/ul>\n<h3>\u2699\ufe0f \u00d6l\u00e7\u00fcm Cihazlar\u0131 Kalibrasyon Hizmeti<\/h3>\n<p>\u00d6l\u00e7\u00fcm cihazlar\u0131n\u0131n <strong>uluslararas\u0131 standartlara uygun, do\u011fru ve g\u00fcvenilir<\/strong> \u00e7al\u0131\u015fmas\u0131n\u0131 sa\u011flamak amac\u0131yla kalibrasyon hizmeti sunuyoruz:<\/p>\n<ul>\n<li>Cihazlar\u0131n \u00f6n kontrolleri<\/li>\n<li>Referans standartlarla kar\u015f\u0131la\u015ft\u0131r\u0131lmas\u0131<\/li>\n<li>\u00d6l\u00e7\u00fcm cihaz\u0131 ile referans cihaz\u0131n ayn\u0131 \u015fartlarda \u00f6l\u00e7\u00fcm yaparak sapma de\u011ferlerinin tespiti ve m\u00fcmk\u00fcnse cihazlara ayar yap\u0131lmas\u0131<\/li>\n<li>Kalibrasyon sertifikas\u0131 d\u00fczenlenmesi<\/li>\n<\/ul>\n<h3>\u00a0\ud83c\udf93 E\u011fitim Hizmeti<\/h3>\n<ul>\n<li>T\u00fcm y\u00f6netim sistemlerinde temel bilgilendirme ve i\u00e7 tetkik e\u011fitimleri (sertifikal\u0131)<\/li>\n<li>\u00c7evre Mevzuat\u0131 ve Yasal Uyum E\u011fitimi<\/li>\n<li>Firma ihtiya\u00e7lar\u0131na uygun s\u00fcrd\u00fcr\u00fclebilirlik e\u011fitimleri<\/li>\n<li>\u0130SG k\u00fclt\u00fcr\u00fc olu\u015fturma, fark\u0131ndal\u0131k ve teknik e\u011fitimler (Yang\u0131n, Y\u00fcksekte \u00c7al\u0131\u015fma vb. )<\/li>\n<\/ul>\n<p>Size de\u011fer katacak \u00e7\u00f6z\u00fcmlerimiz hakk\u0131nda daha fazla bilgi payla\u015fmaktan memnuniyet duyar\u0131z.<\/p>","protected":false},"excerpt":{"rendered":"<p>Her i\u015fletmenin yolculu\u011fu benzersizdir. Ancak t\u00fcm i\u015fletmelerin ortak noktas\u0131; farkl\u0131 alanlarda g\u00fcvenilir, entegre ve s\u00fcrd\u00fcr\u00fclebilir \u00e7\u00f6z\u00fcmlere duyduklar\u0131 ihtiya\u00e7t\u0131r. \u0130\u015fte bu noktada Econova Sustainable Solutions olarak, dan\u0131\u015fmanl\u0131k hizmetlerini tek \u00e7at\u0131 alt\u0131nda toplayarak firman\u0131z\u0131n s\u00fcre\u00e7lerini yal\u0131nla\u015ft\u0131rmay\u0131, tedarik zincirinizi optimize etmeyi ve daha ekonomik \u00e7\u00f6z\u00fcmler sunarak firman\u0131za uzun soluklu, g\u00fcvene ve samimiyete dayal\u0131 rehberlik yapmay\u0131 ama\u00e7l\u0131yoruz. Sundu\u011fumuz Hizmet&#8230;<\/p>","protected":false},"author":2,"featured_media":0,"parent":0,"menu_order":0,"comment_status":"closed","ping_status":"closed","template":"","meta":{"_acf_changed":false,"om_disable_all_campaigns":false,"_monsterinsights_skip_tracking":false,"_monsterinsights_sitenote_active":false,"_monsterinsights_sitenote_note":"","_monsterinsights_sitenote_category":0,"footnotes":""},"class_list":["post-342","page","type-page","status-publish","hentry"],"acf":[],"aioseo_notices":[],"_links":{"self":[{"href":"https:\/\/dilekgumus.com\/en\/wp-json\/wp\/v2\/pages\/342","targetHints":{"allow":["GET"]}}],"collection":[{"href":"https:\/\/dilekgumus.com\/en\/wp-json\/wp\/v2\/pages"}],"about":[{"href":"https:\/\/dilekgumus.com\/en\/wp-json\/wp\/v2\/types\/page"}],"author":[{"embeddable":true,"href":"https:\/\/dilekgumus.com\/en\/wp-json\/wp\/v2\/users\/2"}],"replies":[{"embeddable":true,"href":"https:\/\/dilekgumus.com\/en\/wp-json\/wp\/v2\/comments?post=342"}],"version-history":[{"count":6,"href":"https:\/\/dilekgumus.com\/en\/wp-json\/wp\/v2\/pages\/342\/revisions"}],"predecessor-version":[{"id":349,"href":"https:\/\/dilekgumus.com\/en\/wp-json\/wp\/v2\/pages\/342\/revisions\/349"}],"wp:attachment":[{"href":"https:\/\/dilekgumus.com\/en\/wp-json\/wp\/v2\/media?parent=342"}],"curies":[{"name":"wp","href":"https:\/\/api.w.org\/{rel}","templated":true}]}}